{"id":643,"date":"2025-09-08T09:19:04","date_gmt":"2025-09-08T09:19:04","guid":{"rendered":"https:\/\/westwingsaviation.com\/?page_id=643"},"modified":"2026-03-23T08:58:59","modified_gmt":"2026-03-23T08:58:59","slug":"night-rating","status":"publish","type":"page","link":"https:\/\/westwingsaviation.com\/en\/night-rating\/","title":{"rendered":"Night Rating"},"content":{"rendered":"<h2> Calificare de Zbor pe Timp de Noapte<\/h2>\n\n<p><strong> Night Rating<\/strong> este pasul ideal pentru pilo\u021bii care de\u021bin deja licen\u021ba PPL(A) \u0219i vor s\u0103 zboare \u00een siguran\u021b\u0103 pe timp de noapte, at\u00e2t \u00een scop recreativ, c\u00e2t \u0219i ca etap\u0103 intermediar\u0103 c\u0103tre calific\u0103ri avansate (Instrument Rating, comercial\u0103). Aceast\u0103 autoriza\u021bie:<\/p>\n<p>&#8211; \u00ce\u021bi permite<strong> zboruri VFR pe timp de noapte <\/strong>\u00een spa\u021biul aerian EASA.<\/p>\n<p>&#8211; Ofer\u0103 experien\u021b\u0103 esen\u021bial\u0103 pentru preg\u0103tirea profesional\u0103, mai ales dac\u0103 vizezi licen\u021ba CPL sau cariera de pilot de linie.\n<\/p>\n<p>&#8211; \u00ce\u021bi dezvolt\u0103 abilit\u0103\u021bile de naviga\u021bie, orientare \u0219i comunicare \u00een condi\u021bii de vizibilitate redus\u0103.<\/p>\n\n<p><strong>Scoala De Zbor West Wings Aviation<\/strong> v\u0103 asigur\u0103 un program complet de instruire teoretic\u0103 \u0219i practic\u0103, \u00eentr-un mediu profesionist, al\u0103turi de instructori experimenta\u021bi.<\/p>\n\n\n\n\n<span style=\"line-height:1;\"><p style=\"color: #ffffff\">&#8211; Certificat medica Valabil<\/p>\n<p style=\"color: #ffffff\">&#8211; Licen\u021b\u0103 PPL(A) Valabila<\/p><p style=\"color: #ffffff\"><br><\/p><p style=\"color: #ffffff\"><br><\/p><p style=\"color: #ffffff\"><br><\/p><p style=\"color: #ffffff\"><br><\/p><p style=\"color: #ffffff\"><\/p><\/span><p style=\"color: #ffffff\"><\/p>\n\n\n<span style=\"line-height:1;\"><p style=\"color: #ffffff\">&#8211; 5 ore de zbor de noapte (inclusiv minim 3 ore de zbor cu instructor \u0219i 1 or\u0103 de zbor cross-country)<\/p>\n<p style=\"color: #ffffff\">&#8211; 5 decol\u0103ri \u0219i 5 ateriz\u0103ri solo (full-stop)&nbsp;<\/p><p style=\"color: #ffffff\">&#8211; Durata cursului: aproximativ 1\u20132 s\u0103pt\u0103m\u00e2ni, \u00een func\u021bie de condi\u021biile meteo \u0219i programul cursantului.<\/p><\/span><p style=\"color: #ffffff\"><\/p>\n\n\n<span style=\"line-height:1;\"><p style=\"color: #ffffff\">&#8211; Copie dup\u0103 cartea de identitate<\/p>\n<p style=\"color: #ffffff\">&#8211; Copie dup\u0103 licen\u021ba PPL(A)<\/p>\n<p style=\"color: #ffffff\">&#8211; Copie dup\u0103 certificatul medical&nbsp;<\/p><p style=\"color: #ffffff\"><br><\/p><p style=\"color: #ffffff\"><br><\/p><p style=\"color: #ffffff\"><br><\/p>\n<p style=\"color: #ffffff\"><\/p>\n<p style=\"color: #ffffff\"><\/p><\/span><p style=\"color: #ffffff\"><\/p>\n\n\n\n\n<p>Structura cursului: teorie + practic\u0103<\/p>\n<p><br><\/p>\n<style>\n  .course-info p {\n    color: black; \/* text negru *\/\n    font-size: large;\n    line-height: 1.4;\n    margin: 5px 0; \/* spa\u021biere mic\u0103 \u00eentre r\u00e2nduri *\/\n  }\n\n  .course-info p span.arrow {\n    color: red; \/* s\u0103geat\u0103 ro\u0219ie *\/\n    margin-right: 5px;\n  }\n<\/style>\n\n<p class=\"course-info\">\n  <p>Cursul este \u00eemp\u0103r\u021bit \u00een dou\u0103 module:<\/p>\n  <p><span class=\"arrow\">&gt;<\/span><strong data-start=\"1734\" data-end=\"1744\">Teorie<\/strong>: aproximativ 5 ore, acoperind proceduri de zbor nocturn, efecte fiziologice ale zborului de noapte, meteorologie specific\u0103 \u0219i naviga\u021bie.<\/p>\n  <p><span class=\"arrow\">&gt;<\/span><strong data-start=\"1886\" data-end=\"1898\">Practic\u0103<\/strong>: zboruri de antrenament dual \u0219i solo, inclusiv naviga\u021bie VFR de noapte \u0219i manevre specifice.<\/p>\n  <p><br><\/p>\n<\/p>\n\n\n\n\n<h6>FAQ<\/h6>\n<h2>Ave\u021bi \u00eentreb\u0103ri? Suntem aici s\u0103 v\u0103 r\u0103spundem.<\/h2>\n<p>\u00cen\u021belegem c\u0103 alegerea unei \u0219coli de zbor vine cu multe \u00eentreb\u0103ri. De aceea, la West Wings Aviation, suntem aici pentru a-\u021bi oferi r\u0103spunsuri clare \u0219i \u00eendrumare profesionist\u0103. Fie c\u0103 vrei s\u0103 afli mai multe despre cursurile noastre, despre costuri sau despre procesul de formare, echipa noastr\u0103 te va sprijini la fiecare pas, pentru ca drumul t\u0103u c\u0103tre pilotaj s\u0103 fie sigur \u0219i bine informat.<\/p>\n\n\n\n\n\n\n<p>Nu, calificarea se finalizeaz\u0103 cu un check flight efectuat de un instructor autorizat. <\/p>\n\n\n\n\n\n\n<p>Da, poate fi realizat \u00eempreun\u0103 cu ore de Build-Up sau preg\u0103tire pentru Instrument Rating.<\/p>\n\n\n\n\n\n\n<p>Imediat dup\u0103 ob\u021binerea PPL(A) \u0219i dac\u0103 de\u021bii certificatul medical clasa 2 valabil. <\/p>\n\n\n\n\n\n\n<p>Nu are termen de valabilitate, dar trebuie men\u021binut\u0103 prin zboruri periodice, conform reglement\u0103rilor EASA.<\/p>\n\n\n\n\n\n\n\n\n<h2>MODULE CE POT FI ADAUGATE<\/h2>\n\n\nAcumulezi experien\u021b\u0103 pentru urm\u0103toarele calific\u0103ri? Ia leg\u0103tura cu noi pentru a \u00ee\u021bi g\u0103si cel mai avantajos pachet!\n\n\n\u021ai-a expirat calificarea SEP(A) Land? \u00cen func\u021bie de data la care \u021bi-a expirat \u00ee\u021bi vom creea cel mai avantajos program de re\u00eennoire.\n\n\n\n\n\n\n<h2>\u00censcrie-te la curs sau cere informa\u021bii<\/h2>\n<p>Spune-ne ce curs te intereseaz\u0103 \u0219i \u00ee\u021bi vom trimite toate detaliile de care ai nevoie.<\/p>","protected":false},"excerpt":{"rendered":"","protected":false},"author":1,"featured_media":0,"parent":0,"menu_order":0,"comment_status":"closed","ping_status":"closed","template":"","meta":{"pagelayer_contact_templates":{"t924379":{"from_email":"$email","cont_subject":"project-form","cont_header":"$name, $email, $stars, $description","cont_use_html":"true"}},"_pagelayer_content":"","footnotes":""},"class_list":["post-643","page","type-page","status-publish","hentry"],"_links":{"self":[{"href":"https:\/\/westwingsaviation.com\/en\/wp-json\/wp\/v2\/pages\/643","targetHints":{"allow":["GET"]}}],"collection":[{"href":"https:\/\/westwingsaviation.com\/en\/wp-json\/wp\/v2\/pages"}],"about":[{"href":"https:\/\/westwingsaviation.com\/en\/wp-json\/wp\/v2\/types\/page"}],"author":[{"embeddable":true,"href":"https:\/\/westwingsaviation.com\/en\/wp-json\/wp\/v2\/users\/1"}],"replies":[{"embeddable":true,"href":"https:\/\/westwingsaviation.com\/en\/wp-json\/wp\/v2\/comments?post=643"}],"version-history":[{"count":9,"href":"https:\/\/westwingsaviation.com\/en\/wp-json\/wp\/v2\/pages\/643\/revisions"}],"predecessor-version":[{"id":1159,"href":"https:\/\/westwingsaviation.com\/en\/wp-json\/wp\/v2\/pages\/643\/revisions\/1159"}],"wp:attachment":[{"href":"https:\/\/westwingsaviation.com\/en\/wp-json\/wp\/v2\/media?parent=643"}],"curies":[{"name":"wp","href":"https:\/\/api.w.org\/{rel}","templated":true}]}}