{"id":454,"date":"2025-07-18T11:29:41","date_gmt":"2025-07-18T11:29:41","guid":{"rendered":"https:\/\/westwingsaviation.com\/?page_id=454"},"modified":"2026-02-23T11:43:30","modified_gmt":"2026-02-23T11:43:30","slug":"hour-building","status":"publish","type":"page","link":"https:\/\/westwingsaviation.com\/en\/hour-building\/","title":{"rendered":"Hour Building"},"content":{"rendered":"<p>Hour Building&nbsp;<\/p>\n<h2>Acumulare a Orelor de Zbor<\/h2>\n<p><strong data-start=\"0\" data-end=\"25\">Acumulare Ore de Zbor ( hour building )&nbsp;<\/strong>&nbsp;este programul dedicat pilo\u021bilor care doresc s\u0103 \u00ee\u0219i creasc\u0103 experien\u021ba practic\u0103 \u0219i s\u0103 \u00eendeplineasc\u0103 cerin\u021bele necesare pentru certific\u0103ri \u0219i licen\u021be avansate. Prin sesiuni suplimentare de zbor, participan\u021bii \u00ee\u0219i dezvolt\u0103 abilit\u0103\u021bile de pilotaj, \u00ee\u0219i consolideaz\u0103 \u00eencrederea la man\u0219\u0103 \u0219i \u00ee\u0219i completeaz\u0103 num\u0103rul de ore obligatorii pentru progresul \u00een carier\u0103.<\/p>\n<p>Ideal pentru atingerea pragurilor impuse de autorit\u0103\u021bile aeronautice, acest program ofer\u0103 flexibilitate, instruire de calitate \u0219i oportunitatea de a evolua constant \u00een domeniul avia\u021biei.<\/p>\n\n\n\n\n\n\n\n<h2>Stagiul de preg\u0103tire \u00een zbor\n<\/h2>\n<p data-start=\"91\" data-end=\"531\">\u00cen timpul acestui stagiu de preg\u0103tire \u00een zbor, pilo\u021bii au ocazia s\u0103 \u00ee\u0219i dezvolte abilit\u0103\u021bile de luare a deciziilor, s\u0103 \u00ee\u0219i creasc\u0103 \u00eencrederea \u00een sine \u0219i s\u0103 \u00ee\u0219i sporeasc\u0103 \u0219ansele de angajare, construindu-\u0219i constant re\u021beaua profesional\u0103. Toate acestea se desf\u0103\u0219oar\u0103 cu respectarea strict\u0103 a protocoalelor de siguran\u021b\u0103 \u0219i a reglement\u0103rilor, sub \u00eendrumarea continu\u0103 a instructorilor, form\u00e2ndu-se astfel o mentalitate orientat\u0103 c\u0103tre siguran\u021b\u0103.<\/p>\n\n\n\n\n\n\n\n\n\n<h2>\u00censcrie-te la curs sau cere informa\u021bii<\/h2>\n<p>Spune-ne ce curs te intereseaz\u0103 \u0219i \u00ee\u021bi vom trimite toate detaliile de care ai nevoie.<\/p>","protected":false},"excerpt":{"rendered":"","protected":false},"author":1,"featured_media":0,"parent":0,"menu_order":0,"comment_status":"closed","ping_status":"closed","template":"","meta":{"pagelayer_contact_templates":{"y7z7770":{"from_email":"$email","cont_subject":"project-form","cont_header":"$name, $email, $stars, $description","cont_use_html":"true"}},"_pagelayer_content":"","footnotes":""},"class_list":["post-454","page","type-page","status-publish","hentry"],"_links":{"self":[{"href":"https:\/\/westwingsaviation.com\/en\/wp-json\/wp\/v2\/pages\/454","targetHints":{"allow":["GET"]}}],"collection":[{"href":"https:\/\/westwingsaviation.com\/en\/wp-json\/wp\/v2\/pages"}],"about":[{"href":"https:\/\/westwingsaviation.com\/en\/wp-json\/wp\/v2\/types\/page"}],"author":[{"embeddable":true,"href":"https:\/\/westwingsaviation.com\/en\/wp-json\/wp\/v2\/users\/1"}],"replies":[{"embeddable":true,"href":"https:\/\/westwingsaviation.com\/en\/wp-json\/wp\/v2\/comments?post=454"}],"version-history":[{"count":14,"href":"https:\/\/westwingsaviation.com\/en\/wp-json\/wp\/v2\/pages\/454\/revisions"}],"predecessor-version":[{"id":1121,"href":"https:\/\/westwingsaviation.com\/en\/wp-json\/wp\/v2\/pages\/454\/revisions\/1121"}],"wp:attachment":[{"href":"https:\/\/westwingsaviation.com\/en\/wp-json\/wp\/v2\/media?parent=454"}],"curies":[{"name":"wp","href":"https:\/\/api.w.org\/{rel}","templated":true}]}}