{"id":428,"date":"2025-07-17T15:07:11","date_gmt":"2025-07-17T15:07:11","guid":{"rendered":"https:\/\/westwingsaviation.com\/?page_id=428"},"modified":"2025-10-01T09:03:10","modified_gmt":"2025-10-01T09:03:10","slug":"licenta-de-pilot-aeronave-usoare","status":"publish","type":"page","link":"https:\/\/westwingsaviation.com\/en\/licenta-de-pilot-aeronave-usoare\/","title":{"rendered":"Licenta de pilot aeronave usoare"},"content":{"rendered":"<h2>\nLicenta de pilot pentru aeronave usoare<\/h2>\n<p><br><\/p>\n<h2><\/h2><p><strong>Licen\u021ba LAPL(A)<\/strong> cu calificarea SEP (Single Engine Piston) Land \u00ee\u021bi ofer\u0103 oportunitatea de a pilota avioane monomotor cu piston, cu masa maxim\u0103 la decolare de p\u00e2n\u0103 la 2000 kg \u0219i p\u00e2n\u0103 la 3 locuri pentru pasageri + 1 pilot, oriunde pe teritoriul Europei. Este alegerea ideal\u0103 pentru cei care doresc s\u0103 zboare \u00een scop recrea\u021bional \u0219i s\u0103 experimenteze libertatea zborului, f\u0103r\u0103 a avea nevoie de licen\u021be mai complexe.<\/p>\n<p><strong data-start=\"1604\" data-end=\"1627\">Scoala de zbor West Wings Aviation<\/strong> \u00ee\u021bi ofer\u0103 un program complet de instruire teoretic\u0103 \u0219i practic\u0103, \u00eentr-un mediu profesionist, al\u0103turi de instructori experimenta\u021bi, pentru a-\u021bi transforma visul de a zbura \u00een realitate.<\/p>\n\n\n\n\n<style>\n  .course-info p {\n    color: black; \/* text negru *\/\n    font-size: large;\n    line-height: 1.4;\n    margin: 5px 0; \/* spa\u021biere mic\u0103 \u00eentre r\u00e2nduri *\/\n  }\n\n  .course-info p span.arrow {\n    color: red; \/* s\u0103geat\u0103 ro\u0219ie *\/\n    margin-right: 5px;\n  }\n<\/style>\n\n<p class=\"course-info\">\n  <\/p><p data-start=\"668\" data-end=\"918\">Preg\u0103tirea pentru ob\u021binerea licen\u021bei include minimum <strong data-start=\"721\" data-end=\"742\">30 de ore de zbor<\/strong>, dintre care cel pu\u021bin <strong data-start=\"766\" data-end=\"790\">15 ore cu instructor<\/strong>, <strong data-start=\"792\" data-end=\"827\">6 ore de zbor solo supravegheat<\/strong>, \u0219i un <strong data-start=\"835\" data-end=\"917\">raid solo de minimum 80 NM (aprox. 150 km) cu aterizare pe un aerodrom diferit<\/strong>.<\/p>\n<p data-start=\"920\" data-end=\"1220\">Licen\u021ba LAPL(A) are <strong data-start=\"940\" data-end=\"965\">validitate nelimitat\u0103<\/strong>, \u00eens\u0103 pentru a putea pilota, este necesar\u0103 men\u021binerea calific\u0103rilor \u0219i efectuarea vizitelor medicale periodice. Certificatul medical necesar este <strong data-start=\"1112\" data-end=\"1128\">LAPL Medical<\/strong>, valabil <strong data-start=\"1138\" data-end=\"1179\">5 ani pentru persoanele sub 40 de ani<\/strong> \u0219i <strong data-start=\"1183\" data-end=\"1219\">2 ani pentru cei peste 40 de ani<\/strong>.<\/p>\n<p data-start=\"1222\" data-end=\"1379\">Ulterior, licen\u021bei LAPL(A) i se pot ad\u0103uga <strong data-start=\"1265\" data-end=\"1292\">calific\u0103ri suplimentare<\/strong> precum <strong data-start=\"1300\" data-end=\"1333\">Zbor de noapte (Night Rating)<\/strong> \u0219i\/sau <strong data-start=\"1341\" data-end=\"1378\">Zbor acrobatic (Aerobatic Rating)<\/strong>.<\/p>\n<p>\n\n\n<\/p><p data-start=\"1381\" data-end=\"1602\">Cu aceast\u0103 licen\u021b\u0103 vei putea pilota avioane populare de \u0219coal\u0103 \u0219i turism, precum <strong data-start=\"1462\" data-end=\"1533\">Cessna 150\/152, Cessna 172, Piper Warrior, Piper Arrow, Cirrus SR22<\/strong> \u0219i altele care au MTOW (masa maxim\u0103 la decolare) de p\u00e2n\u0103 la 2000 kg.<\/p>\n\n\n\n\n<span style=\"line-height:1;\"><p style=\"color: #ffffff\">V\u00e2rsta minim\u0103 17 ani<\/p>\n<p style=\"color: #ffffff\">Apt din punct de vedere medical<\/p>\n<p style=\"color: #ffffff\">Cuno\u0219tin\u021be de limba Englez\u0103&nbsp;<\/p><p style=\"color: #ffffff\"><br><\/p><p style=\"color: #ffffff\"><br><\/p><\/span><p style=\"color: #ffffff\"><\/p>\n\n\n<span style=\"line-height:1;\"><p style=\"color: #ffffff\">100 ore preg\u0103tire teoretic\u0103<\/p>\n<p style=\"color: #ffffff\">30+ ore preg\u0103tire practic\u0103<\/p><p style=\"color: #ffffff\"><br><\/p><p style=\"color: #ffffff\"><br><\/p><p style=\"color: #ffffff\"><br><\/p><\/span><p style=\"color: #ffffff\"><\/p>\n\n\n<span style=\"line-height:1;\"><p style=\"color: #ffffff\">Copie CI\/BI<\/p>\n<p style=\"color: #ffffff\">Copie certificat de na\u0219tere<\/p>\n<p style=\"color: #ffffff\">Copie ultimul act de studii<\/p>\n<p style=\"color: #ffffff\">Copie certificat medical LAPL<\/p>\n<p style=\"color: #ffffff\">4 poze tip buletin<\/p><\/span><p style=\"color: #ffffff\"><\/p>\n\n\n\n\n<p>Cursul consta in doua module, cel practic si cel teoretic<\/p>\n<p><br><\/p>\n<style>\n  .course-info p {\n    color: black; \/* text negru *\/\n    font-size: large;\n    line-height: 1.4;\n    margin: 5px 0; \/* spa\u021biere mic\u0103 \u00eentre r\u00e2nduri *\/\n  }\n\n  .course-info p span.arrow {\n    color: red; \/* s\u0103geat\u0103 ro\u0219ie *\/\n    margin-right: 5px;\n  }\n<\/style>\n\n<div class=\"course-info\">\n  <p>Cursul teoretic presupune parcurgerea a minim 102 ore, durata medie fiind 4 saptamani.<\/p>\n  <p>Materiile studiate sunt:<\/p>\n  \n  <p><span class=\"arrow\">&gt;<\/span>Legislatie aeronautica si proceduri ATC<\/p>\n  <p><span class=\"arrow\">&gt;<\/span>Performante umane<\/p>\n  <p><span class=\"arrow\">&gt;<\/span>Meteorologie<\/p>\n  <p><span class=\"arrow\">&gt;<\/span>Comunicatii<\/p>\n  <p><span class=\"arrow\">&gt;<\/span>Principiile zborului<\/p>\n  <p><span class=\"arrow\">&gt;<\/span>Proceduri operationale<\/p>\n  <p><span class=\"arrow\">&gt;<\/span>Performante \u0219i planificarea zborului<\/p>\n  <p><span class=\"arrow\">&gt;<\/span>Cunoa\u0219terea general\u0103 a aeronave<\/p>\n  <p><span class=\"arrow\">&gt;<\/span>Navigatie<\/p>\n<\/div>\n\n\n\n\n<h6>FAQ<\/h6>\n<h2>Ave\u021bi \u00eentreb\u0103ri? Suntem aici s\u0103 v\u0103 r\u0103spundem.<\/h2>\n<p>\u00cen\u021belegem c\u0103 alegerea unei \u0219coli de zbor vine cu multe \u00eentreb\u0103ri. De aceea, la West Wings Aviation, suntem aici pentru a-\u021bi oferi r\u0103spunsuri clare \u0219i \u00eendrumare profesionist\u0103. Fie c\u0103 vrei s\u0103 afli mai multe despre cursurile noastre, despre costuri sau despre procesul de formare, echipa noastr\u0103 te va sprijini la fiecare pas, pentru ca drumul t\u0103u c\u0103tre pilotaj s\u0103 fie sigur \u0219i bine informat.<\/p>\n\n\n\n\n\n\n<p>\u00cen prima faz\u0103 a cursului t\u0103u PPL, vei participa la un program de preg\u0103tire teoretic\u0103 care combin\u0103 orele \u00een clas\u0103 cu studiul online, \u00eensum\u00e2nd un total de 100 de ore, al\u0103turi de un instructor experimentat de cuno\u0219tin\u021be teoretice. Instruirea se desf\u0103\u0219oar\u0103 cu ajutorul prezent\u0103rilor interactive, testelor de simulare cu \u00eentreb\u0103ri din examenele PPL \u0219i a tuturor materialelor necesare pentru a promova cu succes examenele EASA PPL. Examenele EASA PPL cuprind \u00een total 9 materii. <\/p>\n\n\n\n\n\n\n<p>Primul zbor solo este una dintre cele mai de neuitat experien\u021be pe care le vei avea \u00een cariera ta de pilot. \u00cen aceast\u0103 etap\u0103, vei parcurge toate exerci\u021biile necesare p\u00e2n\u0103 la primul t\u0103u zbor solo. Antrenamentul include un total de cel pu\u021bin <strong data-start=\"343\" data-end=\"377\">14 ore de zbor cu instructorul<\/strong>, pe o aeronav\u0103 monomotor, p\u00e2n\u0103 c\u00e2nd vei fi preg\u0103tit s\u0103 efectuezi acest prim zbor solo pe cont propriu!<\/p>\n\n\n\n\n\n\n<p>\u00cen aceast\u0103 parte a instruirii, vei efectua zboruri \u00een dubl\u0103 comand\u0103 al\u0103turi de unul dintre instructorii no\u0219tri experimenta\u021bi, pentru a realiza exerci\u021bii de antrenament mai complexe \u0219i naviga\u021bie VFR pe rute cross-country. Vei \u00eenv\u0103\u021ba s\u0103 operezi corect \u00een circuitul de trafic al diferitelor aerodromuri, aflate la distan\u021b\u0103 de Aeroportul Arad. Aceast\u0103 etap\u0103 te va conduce c\u0103tre partea a 4-a a preg\u0103tirii tale. <\/p>\n\n\n\n\n\n\n<p>Aceast\u0103 etap\u0103 a preg\u0103tirii tale este extrem de important\u0103. Vei efectua cel pu\u021bin <strong data-start=\"173\" data-end=\"196\">10 ore de zbor solo<\/strong> \u0219i te vei familiariza cu naviga\u021bia cross-country pe \u00eentreg spa\u021biul aerian.<\/p>\n\n\n\n\n\n\n<p>La finalul preg\u0103tirii tale, vei sus\u021bine un test practic final de competen\u021b\u0103, cu durata de 1,5 ore, pentru a ob\u021bine Licen\u021ba EASA PPL(A).<\/p>\n\n\n\n\n\n\n\n\n<h2>MODULE CE POT FI ADAUGATE<\/h2>\n\n\n<span style=\"line-height: 0.5;\"><p>3 h de teorie NVFR<\/p>\n<p>5 h de zbor Dual, instruc\u021bie NVFR<\/p>\n<p>1 h de zbor PIC cu 5 touch &amp; go<\/p><\/span><p><\/p>\n\n\nAcumulezi experien\u021b\u0103 pentru urm\u0103toarele calific\u0103ri? Ia leg\u0103tura cu noi pentru a \u00ee\u021bi g\u0103si cel mai avantajos pachet!\n\n\n\u021ai-a expirat calificarea SEP(A) Land? \u00cen func\u021bie de data la care \u021bi-a expirat \u00ee\u021bi vom creea cel mai avantajos program de re\u00eennoire.\n\n\n\n\n\n\n<h2>\u00censcrie-te la curs sau cere informa\u021bii<\/h2>\n<p>Spune-ne ce curs te intereseaz\u0103 \u0219i \u00ee\u021bi vom trimite toate detaliile de care ai nevoie.<\/p>","protected":false},"excerpt":{"rendered":"","protected":false},"author":1,"featured_media":0,"parent":0,"menu_order":0,"comment_status":"closed","ping_status":"closed","template":"","meta":{"pagelayer_contact_templates":{"9mg5637":{"from_email":"$email","cont_subject":"project-form","cont_header":"$name, $email, $stars, $description","cont_use_html":"true"}},"_pagelayer_content":"","footnotes":""},"class_list":["post-428","page","type-page","status-publish","hentry"],"_links":{"self":[{"href":"https:\/\/westwingsaviation.com\/en\/wp-json\/wp\/v2\/pages\/428","targetHints":{"allow":["GET"]}}],"collection":[{"href":"https:\/\/westwingsaviation.com\/en\/wp-json\/wp\/v2\/pages"}],"about":[{"href":"https:\/\/westwingsaviation.com\/en\/wp-json\/wp\/v2\/types\/page"}],"author":[{"embeddable":true,"href":"https:\/\/westwingsaviation.com\/en\/wp-json\/wp\/v2\/users\/1"}],"replies":[{"embeddable":true,"href":"https:\/\/westwingsaviation.com\/en\/wp-json\/wp\/v2\/comments?post=428"}],"version-history":[{"count":10,"href":"https:\/\/westwingsaviation.com\/en\/wp-json\/wp\/v2\/pages\/428\/revisions"}],"predecessor-version":[{"id":958,"href":"https:\/\/westwingsaviation.com\/en\/wp-json\/wp\/v2\/pages\/428\/revisions\/958"}],"wp:attachment":[{"href":"https:\/\/westwingsaviation.com\/en\/wp-json\/wp\/v2\/media?parent=428"}],"curies":[{"name":"wp","href":"https:\/\/api.w.org\/{rel}","templated":true}]}}