{"id":373,"date":"2025-07-17T10:58:55","date_gmt":"2025-07-17T10:58:55","guid":{"rendered":"https:\/\/westwingsaviation.com\/?page_id=373"},"modified":"2025-10-18T07:28:43","modified_gmt":"2025-10-18T07:28:43","slug":"licenta-de-pilot-privat","status":"publish","type":"page","link":"https:\/\/westwingsaviation.com\/en\/licenta-de-pilot-privat\/","title":{"rendered":"Licenta de Pilot Privat"},"content":{"rendered":"<p>Lorem Ipsum has been the industry&#8217;s standard dummy text ever since the 1500s.<\/p>\n<p>Lorem Ipsum has been the industry&#8217;s standard dummy text ever since the 1500s.<\/p>\n\n\n\n<h2>Ce este cursul PPL(A)<\/h2>\n\n\n\n<p> PPL(A) \u2013 <strong>Licen\u021ba de Pilot Privat<\/strong> pentru Avioane \u2013 este prima etap\u0103 \u00een formarea ta ca pilot. Scopul acestui curs este de a te instrui p\u00e2n\u0103 la un nivel de competen\u021b\u0103 care \u00ee\u021bi permite s\u0103 zbori ca Pilot Comandant pe aeronave monomotor cu piston, \u00een condi\u021bii VFR (Visual Flight Rules), \u00een scopuri necomerciale.<\/p>\n\n\n\n<p><strong>Scoala De Zbor<\/strong> West Wings Aviation v\u0103 asigur\u0103 un program complet de instruire teoretic\u0103 \u0219i practic\u0103, \u00eentr-un mediu profesionist, al\u0103turi de instructori experimenta\u021bi.<\/p>\n\n\n\n\n\n\n<span style=\"line-height:1;\"><p style=\"color: #ffffff\">V\u00e2rsta minim\u0103 17 ani<\/p>\n<p style=\"color: #ffffff\">Certificat medical clasa II<\/p>\n<p style=\"color: #ffffff\">Cuno\u0219tin\u021be de limba Englez\u0103<\/p>\n<p style=\"color: #ffffff\"><br><\/p><p style=\"color: #ffffff\"><br><\/p><\/span><p style=\"color: #ffffff\"><\/p>\n\n\n\n\n<span style=\"line-height:1;\"><p style=\"color: #ffffff\">152 ore preg\u0103tire teoretic\u0103<\/p>\n<p style=\"color: #ffffff\">45 ore preg\u0103tire practic\u0103<\/p><p style=\"color: #ffffff\"><br><\/p><p style=\"color: #ffffff\"><br><\/p><p style=\"color: #ffffff\"><br><\/p><\/span><p style=\"color: #ffffff\"><\/p>\n\n\n\n\n<span style=\"line-height:1;\"><p style=\"color: #ffffff\">Copie CI\/BI<\/p>\n<p style=\"color: #ffffff\">Copie certificat de na\u0219tere<\/p>\n<p style=\"color: #ffffff\">Copie ultimul act de studii<\/p>\n<p style=\"color: #ffffff\">Copie certificat medical clasa II<\/p>\n<p style=\"color: #ffffff\">4 poze tip buletin<\/p><\/span><p style=\"color: #ffffff\"><\/p>\n\n\n\n\n\n\n<p>Cursul consta in doua module, cel practic si cel teoretic<\/p>\n\n\n<p><br><\/p>\n\n\n<style>\n  .course-info p {\n    color: black; \/* text negru *\/\n    font-size: large;\n    line-height: 1.4;\n    margin: 5px 0; \/* spa\u021biere mic\u0103 \u00eentre r\u00e2nduri *\/\n  }\n\n  .course-info p span.arrow {\n    color: red; \/* s\u0103geat\u0103 ro\u0219ie *\/\n    margin-right: 5px;\n  }\n<\/style>\n\n<div class=\"course-info\">\n  <p>Cursul teoretic presupune parcurgerea a minim 102 ore, durata medie fiind 4 saptamani.<\/p>\n  <p>Materiile studiate sunt:<\/p>\n  \n  <p><span class=\"arrow\">&gt;<\/span>Legislatie aeronautica si proceduri ATC<\/p>\n  <p><span class=\"arrow\">&gt;<\/span>Performante umane<\/p>\n  <p><span class=\"arrow\">&gt;<\/span>Meteorologie<\/p>\n  <p><span class=\"arrow\">&gt;<\/span>Comunicatii<\/p>\n  <p><span class=\"arrow\">&gt;<\/span>Principiile zborului<\/p>\n  <p><span class=\"arrow\">&gt;<\/span>Proceduri operationale<\/p>\n  <p><span class=\"arrow\">&gt;<\/span>Performante \u0219i planificarea zborului<\/p>\n  <p><span class=\"arrow\">&gt;<\/span>Cunoa\u0219terea general\u0103 a aeronave<\/p>\n  <p><span class=\"arrow\">&gt;<\/span>Navigatie<\/p>\n<\/div>\n\n\n\n\n\n\n<h2>Module ce pot fi ad\u0103ugate<\/h2>\n\n\n\n\n\n\n\n<p>Lorem Ipsum has been the industry&#8217;s standard dummy text ever since the 1500s.<\/p>\n<p>Lorem Ipsum has been the industry&#8217;s standard dummy text ever since the 1500s.<\/p>\n\n<h2>Calificare Night Rating <\/h2>\n\n\n<h2>Extinde-\u021bi abilit\u0103\u021bile cu calificarea Night VFR \u0219i \u00eenva\u021b\u0103 s\u0103 pilotezi \u00een siguran\u021b\u0103 pe timp de noapte \u2013 un pas esen\u021bial spre instruirea avansat\u0103 \u0219i licen\u021ba CPL.<\/h2>\n\n\n\n\n\n\n\n<p>Lorem Ipsum has been the industry&#8217;s standard dummy text ever since the 1500s.<\/p>\n<p>Lorem Ipsum has been the industry&#8217;s standard dummy text ever since the 1500s.<\/p>\n\n<h2> Hour Building <\/h2>\n\n\n\n<p>Ai nevoie de ore suplimentare pentru a avansa la cursurile superioare? \u00ce\u021bi oferim pachete personalizate de ore de zbor, astfel \u00eenc\u00e2t s\u0103 acumulezi experien\u021ba cerut\u0103 pentru examenele EASA.<\/p>\n\n\n\n\n\n\n\n\n<p>Lorem Ipsum has been the industry&#8217;s standard dummy text ever since the 1500s.<\/p>\n<p>Lorem Ipsum has been the industry&#8217;s standard dummy text ever since the 1500s.<\/p>\n\n<h2>reinnoire<\/h2>\n\n\n<p>\u021ai-a expirat calificarea SEP(A) Land? \u00cen func\u021bie de data la care \u021bi-a expirat \u00ee\u021bi vom creea cel mai avantajos program de re\u00eennoire.<\/p>\n\n\n\n\n\n\n\n\n<h6>FAQ<\/h6>\n\n\n<h2>Ave\u021bi \u00eentreb\u0103ri? Suntem aici s\u0103 v\u0103 r\u0103spundem.<\/h2>\n\n\n<p>\u00cen\u021belegem c\u0103 alegerea unei \u0219coli de zbor vine cu multe \u00eentreb\u0103ri. De aceea, la West Wings Aviation, suntem aici pentru a-\u021bi oferi r\u0103spunsuri clare \u0219i \u00eendrumare profesionist\u0103. Fie c\u0103 vrei s\u0103 afli mai multe despre cursurile noastre, despre costuri sau despre procesul de formare, echipa noastr\u0103 te va sprijini la fiecare pas, pentru ca drumul t\u0103u c\u0103tre pilotaj s\u0103 fie sigur \u0219i bine informat.<\/p>\n\n\n\n\n\n\n\n\n<p>\u00cen prima faz\u0103 a cursului t\u0103u PPL, vei participa la un program de preg\u0103tire teoretic\u0103 care combin\u0103 orele \u00een clas\u0103 cu studiul online, \u00eensum\u00e2nd un total de 100 de ore, al\u0103turi de un instructor experimentat de cuno\u0219tin\u021be teoretice. Instruirea se desf\u0103\u0219oar\u0103 cu ajutorul prezent\u0103rilor interactive, testelor de simulare cu \u00eentreb\u0103ri din examenele PPL \u0219i a tuturor materialelor necesare pentru a promova cu succes examenele EASA PPL. Examenele EASA PPL cuprind \u00een total 9 materii. <\/p>\n\n\n\n\n\n\n\n\n<p>Primul zbor solo este una dintre cele mai de neuitat experien\u021be pe care le vei avea \u00een cariera ta de pilot. \u00cen aceast\u0103 etap\u0103, vei parcurge toate exerci\u021biile necesare p\u00e2n\u0103 la primul t\u0103u zbor solo. Antrenamentul include un total de cel pu\u021bin <strong data-start=\"343\" data-end=\"377\">14 ore de zbor cu instructorul<\/strong>, pe o aeronav\u0103 monomotor, p\u00e2n\u0103 c\u00e2nd vei fi preg\u0103tit s\u0103 efectuezi acest prim zbor solo pe cont propriu!<\/p>\n\n\n\n\n\n\n\n\n<p>\u00cen aceast\u0103 parte a instruirii, vei efectua zboruri \u00een dubl\u0103 comand\u0103 al\u0103turi de unul dintre instructorii no\u0219tri experimenta\u021bi, pentru a realiza exerci\u021bii de antrenament mai complexe \u0219i naviga\u021bie VFR pe rute cross-country. Vei \u00eenv\u0103\u021ba s\u0103 operezi corect \u00een circuitul de trafic al diferitelor aerodromuri, aflate la distan\u021b\u0103 de Aeroportul Arad. Aceast\u0103 etap\u0103 te va conduce c\u0103tre partea a 4-a a preg\u0103tirii tale. <\/p>\n\n\n\n\n\n\n\n\n<p>Aceast\u0103 etap\u0103 a preg\u0103tirii tale este extrem de important\u0103. Vei efectua cel pu\u021bin <strong data-start=\"173\" data-end=\"196\">10 ore de zbor solo<\/strong> \u0219i te vei familiariza cu naviga\u021bia cross-country pe \u00eentreg spa\u021biul aerian.<\/p>\n\n\n\n\n\n\n\n\n<p>La finalul preg\u0103tirii tale, vei sus\u021bine un test practic final de competen\u021b\u0103, cu durata de 1,5 ore, pentru a ob\u021bine Licen\u021ba EASA PPL(A).<\/p>\n\n\n\n\n\n\n\n\n\n\n<h2>\u00censcrie-te la curs sau cere informa\u021bii<\/h2>\n\n\n<p>Spune-ne ce curs te intereseaz\u0103 \u0219i \u00ee\u021bi vom trimite toate detaliile de care ai nevoie.<\/p>","protected":false},"excerpt":{"rendered":"","protected":false},"author":1,"featured_media":0,"parent":0,"menu_order":0,"comment_status":"closed","ping_status":"closed","template":"","meta":{"pagelayer_contact_templates":{"gi84691":{"from_email":"$email","cont_subject":"project-form","cont_header":"$name, $email, $stars, $description","cont_use_html":"true"}},"_pagelayer_content":"","footnotes":""},"class_list":["post-373","page","type-page","status-publish","hentry"],"_links":{"self":[{"href":"https:\/\/westwingsaviation.com\/en\/wp-json\/wp\/v2\/pages\/373","targetHints":{"allow":["GET"]}}],"collection":[{"href":"https:\/\/westwingsaviation.com\/en\/wp-json\/wp\/v2\/pages"}],"about":[{"href":"https:\/\/westwingsaviation.com\/en\/wp-json\/wp\/v2\/types\/page"}],"author":[{"embeddable":true,"href":"https:\/\/westwingsaviation.com\/en\/wp-json\/wp\/v2\/users\/1"}],"replies":[{"embeddable":true,"href":"https:\/\/westwingsaviation.com\/en\/wp-json\/wp\/v2\/comments?post=373"}],"version-history":[{"count":45,"href":"https:\/\/westwingsaviation.com\/en\/wp-json\/wp\/v2\/pages\/373\/revisions"}],"predecessor-version":[{"id":1006,"href":"https:\/\/westwingsaviation.com\/en\/wp-json\/wp\/v2\/pages\/373\/revisions\/1006"}],"wp:attachment":[{"href":"https:\/\/westwingsaviation.com\/en\/wp-json\/wp\/v2\/media?parent=373"}],"curies":[{"name":"wp","href":"https:\/\/api.w.org\/{rel}","templated":true}]}}