{"id":167,"date":"2025-07-08T09:46:53","date_gmt":"2025-07-08T09:46:53","guid":{"rendered":"https:\/\/westwingsaviation.com\/projects\/"},"modified":"2025-10-13T09:23:26","modified_gmt":"2025-10-13T09:23:26","slug":"servicii","status":"publish","type":"page","link":"https:\/\/westwingsaviation.com\/en\/servicii\/","title":{"rendered":"Services"},"content":{"rendered":"<h2>Preg\u0103tire complet\u0103\u00a0 pentru pilo\u021bi<\/h2>\n\n\n\n<p>La <strong>West Wings Aviation<\/strong> oferim programe de instruire adaptate at\u00e2t viitorilor pilo\u021bi profesioni\u0219ti, c\u00e2t \u0219i pasiona\u021bilor de avia\u021bie. Cursurile noastre sunt autorizate EASA \u0219i includ instruire teoretic\u0103 \u0219i practic\u0103, pe aeronave moderne, cu instructori dedica\u021bi. Indiferent dac\u0103 \u00ee\u021bi dore\u0219ti s\u0103 ob\u021bii prima ta licen\u021b\u0103 de pilot sau s\u0103 \u00ee\u021bi extinzi calific\u0103rile, avem pachetul potrivit pentru tine.<\/p>\n\n\n\n<h2>Primii pasi in Aviatie<\/h2>\n\n\n\n\n\n\n\n\n\n\n\n\n\n\n\n\n\n<h2>Private Pilot License<\/h2>\n\n\n\n<h2> (PPL)<\/h2>\n\n\n\n\n\n<p>The first step in a pilot career. The PPL course provides you with the knowledge and experience needed to fly light aircraft for non-commercial purposes. It includes both theory and flight hours on the Cessna 150.<\/p>\n\n\n\n\n\n\n\n\n\n\n\n\n\n\n\n<h2>Licen\u021b\u0103 LAPL <\/h2>\n\n\n\n<h2> (Light Aircraft Pilot License) <\/h2>\n\n\n\n\n\n<p>Un program mai scurt \u0219i mai accesibil, ideal pentru cei care doresc s\u0103 zboare ca hobby sau agrement. Licen\u021ba LAPL \u00ee\u021bi ofer\u0103 libertatea de a zbura \u00een Europa, cu cerin\u021be medicale mai simple.<\/p>\n\n\n\n\n\n\n\n\n\n\n\n\n\n\n\n<h2> Hour Building <\/h2>\n\n\n\n<h2>(Acumulare ore de zbor)<\/h2>\n\n\n\n\n\n<p>Ai nevoie de ore suplimentare pentru a avansa la cursurile superioare? \u00ce\u021bi oferim pachete personalizate de ore de zbor, astfel \u00eenc\u00e2t s\u0103 acumulezi experien\u021ba cerut\u0103 pentru examenele EASA.<\/p>\n\n\n\n\n\n\n\n\n\n\n\n\n\n\n\n\n\n<h2>Conversie\u00a0<span style=\"font-family: Poppins; font-size: 20px; font-weight: 600; text-transform: capitalize;\">LAPL \u2192 PPL<\/span><\/h2>\n\n\n\n\n\n<h2>Ai ob\u021binut deja licen\u021ba LAPL \u0219i vrei mai mult? Transform\u0103-\u021bi licen\u021ba \u00eentr-una PPL \u0219i beneficiaz\u0103 de libertate mai mare de zbor \u0219i recunoa\u0219tere interna\u021bional\u0103.<\/h2>\n\n\n\n\n\n\n\n\n\n\n\n\n\n\n\n<h2>reinnoire<\/h2>\n\n\n\n\n\n<h2>\u021ai-a expirat calificarea SEP(A) Land? \u00cen func\u021bie de data la care \u021bi-a expirat \u00ee\u021bi vom creea cel mai avantajos program de re\u00eennoire.<\/h2>\n\n\n\n\n\n\n\n\n\n\n\n\n\n\n\n<h2>Calificare Night Rating <\/h2>\n\n\n\n\n\n<h2><br>\t\t\t\t\t\t\t\tExtinde-\u021bi abilit\u0103\u021bile cu calificarea Night VFR \u0219i \u00eenva\u021b\u0103 s\u0103 pilotezi \u00een siguran\u021b\u0103 pe timp de noapte \u2013 un pas esen\u021bial spre instruirea avansat\u0103 \u0219i licen\u021ba CPL.<\/h2>\n\n\n\n\n\n\n\n\n\n\n\n<p> <span style=\"color: grey;\">Aventura ta \u00een avia\u021bie \u00eencepe aici<\/span> \u00a0\u00a0 <a style=\"color:#0c54bcff; text-decoration:none;\" href=\"https:\/\/westwingsaviation.com\/en\/contact\/\"> \u00censcrie-te acum \u2192 <\/a> <\/p>\n\n\n\n\n\n\n\n<h2>\u00censcrie-te la curs sau cere informa\u021bii<\/h2>\n\n\n\n<p>Spune-ne ce curs te intereseaz\u0103 \u0219i \u00ee\u021bi vom trimite toate detaliile de care ai nevoie.<\/p>","protected":false},"excerpt":{"rendered":"","protected":false},"author":1,"featured_media":0,"parent":0,"menu_order":0,"comment_status":"closed","ping_status":"closed","template":"","meta":{"pagelayer_contact_templates":{"qbh7192":{"from_email":"$email","cont_subject":"project-form","cont_header":"$name, $email, $stars, $description","cont_use_html":"true"}},"_pagelayer_content":"","footnotes":""},"class_list":["post-167","page","type-page","status-publish","hentry"],"_links":{"self":[{"href":"https:\/\/westwingsaviation.com\/en\/wp-json\/wp\/v2\/pages\/167","targetHints":{"allow":["GET"]}}],"collection":[{"href":"https:\/\/westwingsaviation.com\/en\/wp-json\/wp\/v2\/pages"}],"about":[{"href":"https:\/\/westwingsaviation.com\/en\/wp-json\/wp\/v2\/types\/page"}],"author":[{"embeddable":true,"href":"https:\/\/westwingsaviation.com\/en\/wp-json\/wp\/v2\/users\/1"}],"replies":[{"embeddable":true,"href":"https:\/\/westwingsaviation.com\/en\/wp-json\/wp\/v2\/comments?post=167"}],"version-history":[{"count":34,"href":"https:\/\/westwingsaviation.com\/en\/wp-json\/wp\/v2\/pages\/167\/revisions"}],"predecessor-version":[{"id":996,"href":"https:\/\/westwingsaviation.com\/en\/wp-json\/wp\/v2\/pages\/167\/revisions\/996"}],"wp:attachment":[{"href":"https:\/\/westwingsaviation.com\/en\/wp-json\/wp\/v2\/media?parent=167"}],"curies":[{"name":"wp","href":"https:\/\/api.w.org\/{rel}","templated":true}]}}