{"id":163,"date":"2025-07-08T09:46:53","date_gmt":"2025-07-08T09:46:53","guid":{"rendered":"https:\/\/westwingsaviation.com\/contact\/"},"modified":"2025-11-28T09:39:50","modified_gmt":"2025-11-28T09:39:50","slug":"contact","status":"publish","type":"page","link":"https:\/\/westwingsaviation.com\/en\/contact\/","title":{"rendered":"Contact"},"content":{"rendered":"Aleea Aeriport\n<h2>Unde ne gasesti<\/h2>\n<h6>Adresa noastra<\/h6>\n\n\n\n\n\n\n\n<p><strong>West Wings Aviation<\/strong> <\/p>\n<p>Completeaz\u0103 formularul \u0219i te contact\u0103m noi! <\/p>\n<h2>formular de contact<\/h2>\n\n\n\n\n\n\n\n\n\n\n\n<h6>FAQ<\/h6>\n<h2>Ave\u021bi \u00eentreb\u0103ri? Suntem aici s\u0103 v\u0103 r\u0103spundem.<\/h2>\n<p>\u00cen\u021belegem c\u0103 alegerea unei \u0219coli de zbor vine cu multe \u00eentreb\u0103ri. De aceea, la West Wings Aviation, suntem aici pentru a-\u021bi oferi r\u0103spunsuri clare \u0219i \u00eendrumare profesionist\u0103. Fie c\u0103 vrei s\u0103 afli mai multe despre cursurile noastre, despre costuri sau despre procesul de formare, echipa noastr\u0103 te va sprijini la fiecare pas, pentru ca drumul t\u0103u c\u0103tre pilotaj s\u0103 fie sigur \u0219i bine informat.<\/p>\n\n\n\n\n\n\n<p>\u00cen prima faz\u0103 a cursului t\u0103u PPL, vei participa la un program de preg\u0103tire teoretic\u0103 care combin\u0103 orele \u00een clas\u0103 cu studiul online, \u00eensum\u00e2nd un total de 100 de ore, al\u0103turi de un instructor experimentat de cuno\u0219tin\u021be teoretice. Instruirea se desf\u0103\u0219oar\u0103 cu ajutorul prezent\u0103rilor interactive, testelor de simulare cu \u00eentreb\u0103ri din examenele PPL \u0219i a tuturor materialelor necesare pentru a promova cu succes examenele EASA PPL. Examenele EASA PPL cuprind \u00een total 9 materii. <\/p>\n\n\n\n\n\n\n<p>Primul zbor solo este una dintre cele mai de neuitat experien\u021be pe care le vei avea \u00een cariera ta de pilot. \u00cen aceast\u0103 etap\u0103, vei parcurge toate exerci\u021biile necesare p\u00e2n\u0103 la primul t\u0103u zbor solo. Antrenamentul include un total de cel pu\u021bin <strong data-start=\"343\" data-end=\"377\">14 ore de zbor cu instructorul<\/strong>, pe o aeronav\u0103 monomotor, p\u00e2n\u0103 c\u00e2nd vei fi preg\u0103tit s\u0103 efectuezi acest prim zbor solo pe cont propriu!<\/p>\n\n\n\n\n\n\n<p>\u00cen aceast\u0103 parte a instruirii, vei efectua zboruri \u00een dubl\u0103 comand\u0103 al\u0103turi de unul dintre instructorii no\u0219tri experimenta\u021bi, pentru a realiza exerci\u021bii de antrenament mai complexe \u0219i naviga\u021bie VFR pe rute cross-country. Vei \u00eenv\u0103\u021ba s\u0103 operezi corect \u00een circuitul de trafic al diferitelor aerodromuri, aflate la distan\u021b\u0103 de Aeroportul Arad. Aceast\u0103 etap\u0103 te va conduce c\u0103tre partea a 4-a a preg\u0103tirii tale. <\/p>\n\n\n\n\n\n\n<p>Aceast\u0103 etap\u0103 a preg\u0103tirii tale este extrem de important\u0103. Vei efectua cel pu\u021bin <strong data-start=\"173\" data-end=\"196\">10 ore de zbor solo<\/strong> \u0219i te vei familiariza cu naviga\u021bia cross-country pe \u00eentreg spa\u021biul aerian.<\/p>\n\n\n\n\n\n\n<p>La finalul preg\u0103tirii tale, vei sus\u021bine un test practic final de competen\u021b\u0103, cu durata de 1,5 ore, pentru a ob\u021bine Licen\u021ba EASA PPL(A).<\/p>","protected":false},"excerpt":{"rendered":"","protected":false},"author":1,"featured_media":0,"parent":0,"menu_order":0,"comment_status":"closed","ping_status":"closed","template":"","meta":{"pagelayer_contact_templates":[],"_pagelayer_content":"","footnotes":""},"class_list":["post-163","page","type-page","status-publish","hentry"],"_links":{"self":[{"href":"https:\/\/westwingsaviation.com\/en\/wp-json\/wp\/v2\/pages\/163","targetHints":{"allow":["GET"]}}],"collection":[{"href":"https:\/\/westwingsaviation.com\/en\/wp-json\/wp\/v2\/pages"}],"about":[{"href":"https:\/\/westwingsaviation.com\/en\/wp-json\/wp\/v2\/types\/page"}],"author":[{"embeddable":true,"href":"https:\/\/westwingsaviation.com\/en\/wp-json\/wp\/v2\/users\/1"}],"replies":[{"embeddable":true,"href":"https:\/\/westwingsaviation.com\/en\/wp-json\/wp\/v2\/comments?post=163"}],"version-history":[{"count":29,"href":"https:\/\/westwingsaviation.com\/en\/wp-json\/wp\/v2\/pages\/163\/revisions"}],"predecessor-version":[{"id":1042,"href":"https:\/\/westwingsaviation.com\/en\/wp-json\/wp\/v2\/pages\/163\/revisions\/1042"}],"wp:attachment":[{"href":"https:\/\/westwingsaviation.com\/en\/wp-json\/wp\/v2\/media?parent=163"}],"curies":[{"name":"wp","href":"https:\/\/api.w.org\/{rel}","templated":true}]}}