{"id":161,"date":"2025-07-08T09:46:53","date_gmt":"2025-07-08T09:46:53","guid":{"rendered":"https:\/\/westwingsaviation.com\/about-2\/"},"modified":"2026-02-27T08:44:11","modified_gmt":"2026-02-27T08:44:11","slug":"despre-noi","status":"publish","type":"page","link":"https:\/\/westwingsaviation.com\/en\/despre-noi\/","title":{"rendered":"About us"},"content":{"rendered":"<p>Lorem Ipsum has been the industry&#8217;s standard dummy text ever since the 1500s.<\/p>\n\n\n\n\n<h2>Mai mult dec\u00e2t o \u0219coal\u0103 de avia\u021bie<\/h2>\n\n<p data-start=\"156\" data-end=\"400\">La <strong data-start=\"159\" data-end=\"182\">West Wings Aviation<\/strong>, transform\u0103m pasiunea pentru zbor \u00eentr-o carier\u0103 de succes prin programe de instruire la cele mai \u00eenalte standarde. Fiecare curs este construit pe valori solide de <strong data-start=\"347\" data-end=\"360\">siguran\u021b\u0103<\/strong>, <strong data-start=\"362\" data-end=\"380\">profesionalism<\/strong> \u0219i <strong data-start=\"384\" data-end=\"399\">performan\u021b\u0103<\/strong>.<\/p><p data-start=\"402\" data-end=\"649\">Oferim <strong data-start=\"409\" data-end=\"431\">cursuri de pilotaj<\/strong> complete \u2013 de la <strong data-start=\"449\" data-end=\"479\">licen\u021b\u0103 pilot privat (PPL)<\/strong> p\u00e2n\u0103 la <strong data-start=\"488\" data-end=\"511\">Night Rating (NVFR)<\/strong> \u2013 precum \u0219i <strong data-start=\"524\" data-end=\"561\">programe de acumulare ore de zbor<\/strong>, ideale pentru pilo\u021bii care doresc s\u0103-\u0219i dezvolte experien\u021ba \u0219i s\u0103 avanseze \u00een carier\u0103.<\/p><p>\n\n<\/p><p data-start=\"651\" data-end=\"794\">Suntem <strong data-start=\"658\" data-end=\"687\">scoala de zbor autorizata ce<\/strong>&nbsp;zonele <strong data-start=\"707\" data-end=\"720\">Timisoara,<\/strong>&nbsp;<strong data-start=\"724\" data-end=\"732\">Arad, Banat si Cluj&nbsp;<\/strong>, oferind instruire de calitate \u00eentr-un mediu sigur \u0219i modern.<\/p>\n\n\nInstruire acreditat\u0103 EASA, conform celor mai noi standarde\n\n\nInstructori experimenta\u021bi, pilo\u021bi activi cu mii de ore de zbor\n\n\nAeronav\u0103 Cessna 150, \u00eentre\u021binut\u0103 riguros \u0219i echipat\u0103 pentru instruire profesional\u0103 \u00een condi\u021bii de maxim\u0103 siguran\u021b\u0103\n\n\n\n\n\n\n\n<h2>Misiunea noastr\u0103<\/h2>\n\n\n<p>S\u0103 transform\u0103m visul tau de a zbura \u00een realitate.<\/p>\n\n\n<p><br>Credem c\u0103 zborul \u00eenseamn\u0103 libertate, precizie \u0219i \u00eencredere. De aceea, fiecare program de instruire este g\u00e2ndit pentru a dezvolta abilit\u0103\u021bi tehnice solide, dar \u0219i o atitudine profesionist\u0103.<\/p>\n\n\n<p>Instructorii no\u0219tri certifica\u021bi \u00ee\u021bi vor fi mentori \u0219i parteneri de drum, ajut\u00e2ndu-te s\u0103 te preg\u0103te\u0219ti at\u00e2t pentru examene, c\u00e2t \u0219i pentru provoc\u0103rile reale din cockpit. Fie c\u0103 visezi la un hobby exclusiv sau la o <strong data-start=\"1168\" data-end=\"1198\">carier\u0103 de pilot comercial<\/strong>, noi \u00ee\u021bi oferim cuno\u0219tin\u021bele, resursele \u0219i sprijinul de care ai nevoie.<\/p>\n\n\n\n<br>\n<br>\n<br>\n\n\n\n\n\n\n\n\n\n\n\n\n\n\n\n\n\n\n\n<h4>Training Aircraft<\/h4>\n\n\n<h2>Cessna 150<\/h2>\n\n\n\n\n<p>Cessna 150 este unul dintre cele mai populare avioane de antrenament la nivel mondial. Fiabil, economic \u0219i u\u0219or de pilotat, este alegerea ideal\u0103 pentru pilo\u021bii afla\u021bi la \u00eenceput de drum. Flota noastr\u0103 este \u00eentre\u021binut\u0103 la cele mai \u00eenalte standarde pentru a-\u021bi oferi siguran\u021b\u0103 \u0219i confort.<\/p>\n\n\n\n\n\n\n\n<p>Lorem Ipsum has been the industry&#8217;s standard dummy text ever since the 1500s.<\/p>\n\n\n\n\n\n\n<h2><strong data-start=\"134\" data-end=\"179\">Performan\u021be Cessna 150<\/strong><\/h2>\n\n\n<p>Cessna 150 este un avion de antrenament fiabil, economic \u0219i u\u0219or de pilotat. Valorile de mai jos reprezint\u0103 date medii orientative pentru configura\u021bia standard, utile la planificarea zborurilor.<\/p>\n\n\n\n\n\n\n\n\n\n\n\n\n~108 kts\n\n\n4.40 ore\n\n\n22 litri\/h\n\n\n\n\n\n\n<h6>Localizare<\/h6>\n\n\n<h2>Aeroportul <\/h2>\n\n\n<h2>Interna\u021bional Arad<\/h2>\n\n\n<p>Unul dintre avantajele \u0219colii noastre este faptul c\u0103 oper\u0103m exclusiv pe Aeroportul Interna\u021bional Arad (LRAR), deschis 365 de zile pe an, plus, acesta oferindu-ne posibilitatea ca instruirea pentru calificarea NVFR (night rating) s\u0103 se desf\u0103\u0219oare \u00een condi\u021bii excelente, f\u0103r\u0103 limit\u0103rile \u00eent\u00e2lnite pe aerodromurile \u00eenierbate.<br><br><\/p>\n\n\n<style>\n  .metar-header {\n    display: inline-flex;\n    align-items: center;\n    gap: 8px;\n    font-weight: 700;\n    font-size: 18px;\n  }\n\n  .dot {\n    width: 10px;\n    height: 10px;\n    border-radius: 50%;\n    background: #e30000;\n    display: inline-block;\n    animation: pulse 1.5s infinite;\n  }\n\n  @keyframes pulse {\n    0% { opacity: 1; }\n    50% { opacity: 0.4; }\n    100% { opacity: 1; }\n  }\n\n  .live {\n    font-weight: 400;\n    font-size: 14px;\n    text-transform: lowercase;\n  }\n<\/style>\n\n<p class=\"metar-header\">\n  METAR&nbsp;<span class=\"dot\"><\/span>&nbsp;<span class=\"live\">live<\/span>\n<\/p>\n\n\n<style>\n  .metar-box {\n    font-family: \"Courier New\", Courier, monospace;\n    font-size: 16px;\n    line-height: 1.4;\n    margin-top: 6px;\n    background: #eef2f5;\n    border: 1px solid #d1d1d1;\n    padding: 10px;\n    border-radius: 4px;\n    white-space: pre-wrap; \n    word-break: break-word;\n    color: #333;\n  }\n  .metar-loading {\n    color: #666;\n    font-style: italic;\n  }\n<\/style>\n\n<div class=\"metar-box metar-loading\" id=\"metar-container\">Se conecteaz\u0103 la serverul meteo&#8230;<\/div>\n\n<script>\ndocument.addEventListener(\"DOMContentLoaded\", function() {\n    \n  \/\/ CONFIGURARE\n  const station = \"LRAR\"; \n  \n  \/\/ Sursa VATSIM este mult mai prietenoasa cu site-urile web (permite CORS)\n  \/\/ Datele sunt reale, preluate din sistemul global.\n  const apiUrl = `https:\/\/metar.vatsim.net\/metar.php?id=${station}`;\n\n  const displayElement = document.getElementById(\"metar-container\");\n\n  async function fetchMetar() {\n    try {\n      \/\/ Adaugam un parametru random pentru a evita cache-ul browserului\n      const uniqueUrl = `${apiUrl}&t=${new Date().getTime()}`;\n\n      const response = await fetch(uniqueUrl);\n      \n      if (!response.ok) {\n        throw new Error(`Eroare server: ${response.status}`);\n      }\n\n      const text = await response.text();\n      \n      if(displayElement) {\n          \/\/ Elimin\u0103m clasa de \u00eenc\u0103rcare \u0219i punem textul\n          displayElement.classList.remove(\"metar-loading\");\n          \n          if (text.trim().length > 0) {\n              displayElement.textContent = text.trim();\n          } else {\n              displayElement.textContent = \"Date indisponibile pentru \" + station;\n          }\n      }\n      \n    } catch (err) {\n      console.error(\"Detalii eroare:\", err); \/\/ Vezi detalii \u00een Consola browserului (F12)\n      if(displayElement) {\n          displayElement.textContent = \"Nu s-a putut conecta la serverul meteo. Verific\u0103 consola (F12).\";\n          displayElement.style.color = \"red\";\n      }\n    }\n  }\n\n  \/\/ Pornire\n  fetchMetar();\n\n  \/\/ Actualizare la 5 minute\n  setInterval(fetchMetar, 300000);\n});\n<\/script>\n\n\n\n\n\n<a href=\"https:\/\/metar-taf.com\/LRAR\" id=\"metartaf-IiiAH47e\" style=\"font-size:18px; font-weight:500; color:#000; width:366px; height:300px; display:block\">METAR Arad International Airport<\/a>\n<script async=\"\" defer=\"\" crossorigin=\"anonymous\" src=\"https:\/\/metar-taf.com\/embed-js\/LRAR?layout=landscape&amp;qnh=hPa&amp;rh=rh&amp;target=IiiAH47e\"><\/script>\n\n\n\n\n\n\n<p>Lorem Ipsum has been the industry&#8217;s standard dummy text ever since the 1500s.<\/p>\n\n\n\n\n<h2><strong data-start=\"134\" data-end=\"179\">LRAR Informatii<\/strong><\/h2>\n\n\n\n\n<p>Lorem Ipsum has been the industry&#8217;s standard dummy text ever since the 1500s.<\/p>\n\n\n\n\n<strong>ARAD Approach<\/strong>: <br>123.530MHz\n<br>126.350 MHz ALTN\n\n\n<strong>ARAD Emergency<\/strong>: <br>121.500 MHz\n\n\n<strong>ARAD Tower:<\/strong><br>118.230 MHz<br>130.200 MHZ ALTN\n\n\n\n\n\n<p>Lorem Ipsum has been the industry&#8217;s standard dummy text ever since the 1500s.<\/p>\n\n\n\n\n<strong>Orientare pista<\/strong><br>09\/27&nbsp;\n\n\n<strong>Suprafa\u021b\u0103<\/strong><br>Beton\n\n\n<table><tbody><tr><td data-start=\"132\" data-end=\"156\" data-col-size=\"sm\"><strong>Elevatie<\/strong><\/td><\/tr><\/tbody><\/table>345 ft\/351 ft<br><table><tbody><tr><td data-start=\"156\" data-end=\"238\" data-col-size=\"md\"><\/td><\/tr><\/tbody><\/table>\n\n\n<strong>Dimensiuni&nbsp;<\/strong><br>2000&#215;45 Metri\n\n\n\n\n\n\n\n\n\n<h2>Testimoniale:<\/h2>\n\n\n<p>Cursan\u021bii no\u0219tri confirm\u0103: profesionalism, implicare \u0219i o atmosfer\u0103 prietenoas\u0103. La West Wings Aviation, nu doar \u00eenve\u021bi s\u0103 zbori, ci faci parte dintr-o comunitate pasionat\u0103 de avia\u021bie.<\/p>","protected":false},"excerpt":{"rendered":"","protected":false},"author":1,"featured_media":0,"parent":0,"menu_order":0,"comment_status":"closed","ping_status":"closed","template":"","meta":{"pagelayer_contact_templates":[],"_pagelayer_content":"","footnotes":""},"class_list":["post-161","page","type-page","status-publish","hentry"],"_links":{"self":[{"href":"https:\/\/westwingsaviation.com\/en\/wp-json\/wp\/v2\/pages\/161","targetHints":{"allow":["GET"]}}],"collection":[{"href":"https:\/\/westwingsaviation.com\/en\/wp-json\/wp\/v2\/pages"}],"about":[{"href":"https:\/\/westwingsaviation.com\/en\/wp-json\/wp\/v2\/types\/page"}],"author":[{"embeddable":true,"href":"https:\/\/westwingsaviation.com\/en\/wp-json\/wp\/v2\/users\/1"}],"replies":[{"embeddable":true,"href":"https:\/\/westwingsaviation.com\/en\/wp-json\/wp\/v2\/comments?post=161"}],"version-history":[{"count":49,"href":"https:\/\/westwingsaviation.com\/en\/wp-json\/wp\/v2\/pages\/161\/revisions"}],"predecessor-version":[{"id":1130,"href":"https:\/\/westwingsaviation.com\/en\/wp-json\/wp\/v2\/pages\/161\/revisions\/1130"}],"wp:attachment":[{"href":"https:\/\/westwingsaviation.com\/en\/wp-json\/wp\/v2\/media?parent=161"}],"curies":[{"name":"wp","href":"https:\/\/api.w.org\/{rel}","templated":true}]}}